{"id":1876,"date":"2024-03-29T12:48:58","date_gmt":"2024-03-29T12:48:58","guid":{"rendered":"https:\/\/test.asta-hsh.de\/?page_id=1876"},"modified":"2024-08-01T09:22:30","modified_gmt":"2024-08-01T09:22:30","slug":"hear-me","status":"publish","type":"page","link":"https:\/\/asta-hsh.de\/en\/hear-me\/","title":{"rendered":"Hear ME!"},"content":{"rendered":"<h1>Mach Diskriminierung<\/h1>\n<h1>SICHTBAR!<\/h1>\n<p><img decoding=\"async\" src=\"\/wp-content\/uploads\/2024\/06\/Hear_Me_vert.svg\" alt=\"\"><\/p>\n<h1><a href=\"#\">Hear ME!<\/a><\/h1>\n<div>\n<p>Die Antidiskriminierungsplattform soll Diskriminierung jeglicher Art sichtbar machen und Betroffenen ein Sprachrohr bieten.<\/p>\n<\/div>\n<ul>\n<li>\n        <a href=\"https:\/\/indivsurvey.de\/hearme\/1656083\/5lZj24-d12e3d310300525889239ae1e2f12ac2\">dein Erfahrungsbericht anonym senden<\/a>\n    <\/li>\n<li>\n        <a href=\"#Unterstuetzung\">Ich brauche Unterst\u00fctzung<\/a>\n    <\/li>\n<\/ul>\n<h2><span>Ein Projekt gegen Diskriminierung im Hochschulalltag<\/span><\/h2>\n<div>\n<p>Diskriminierung geschieht st\u00e4ndig: im Praktikum, in der Vorlesung, in der Pause und vielen weiteren Situationen im Alltag. \u00dcbergriffige Komplimente oder verallgemeinernde Aussagen k\u00f6nnen h\u00e4ufig unbedacht und ohne b\u00f6se Intention ge\u00e4u\u00dfert werden, sind aber dennoch diskriminierend. Sie f\u00fchren zu Unbehagen, Unsicherheit und verursachen grunds\u00e4tzlich H\u00fcrden im Studium. Um das zu \u00e4ndern, braucht es ein breiteres Verst\u00e4ndnis daf\u00fcr was Diskriminierung ist.\u00a0<\/p>\n<p>Mit dem HEAR ME Projekt wollen wir denen Geh\u00f6r verschaffen, die t\u00e4glich von Diskriminierung betroffen sind. Besonders geht es um Vorf\u00e4lle an der Hochschule, aber auch andere Erfahrungen k\u00f6nnen geteilt werden.<\/p>\n<p>\u00dcber ein online Formular kannst du uns Berichte \u00fcber deine Erfahrung mit Diskriminierung schicken. <span>Wir machen diese Berichte dann \u00fcber Social Media und unsere Website ggf. sichtbar.<\/span><\/p>\n<p>Wichtig: Wir anonymisieren alle Berichte und ver\u00f6ffentlichen keine Details zu Betroffenen oder T\u00e4ter*innen. Dabei geht es vor Allem darum, deine Anonymit\u00e4t zu wahren, damit dein Beitrag nicht auf dich zur\u00fcckzuf\u00fchren ist.\u00a0<\/p>\n<p class=\"p1\">Beteiligte k\u00f6nnen jedoch, trotz ver\u00e4nderter Details, deine Schilderung mit dir in Verbindung bringen, weil sie z.B. dabei waren. Sei dir dessen bitte bewusst.<\/p>\n<p>Vielen Dank f\u00fcr dein\u00a0Vertrauen!<\/p>\n<\/div>\n<div>\n<div class=\"elementor-element elementor-element-3464b3e elementor-widget elementor-widget-heading\" data-id=\"3464b3e\" data-element_type=\"widget\" data-widget_type=\"heading.default\">\n<div class=\"elementor-widget-container\">\n<h1 class=\"elementor-heading-title elementor-size-default\">Du brauchst Unterst\u00fctzung?<\/h1>\n<\/div>\n<\/div>\n<div class=\"elementor-element elementor-element-06a7acd elementor-widget elementor-widget-text-editor\" data-id=\"06a7acd\" data-element_type=\"widget\" data-widget_type=\"text-editor.default\">\n<div class=\"elementor-widget-container\">\n<p>Du hast die M\u00f6glichkeit,\u00a0dich an folgende Stellen zu wenden, wenn du Hilfe ben\u00f6tigst oder weitere Schritte gehen m\u00f6chtest:<\/p>\n<p>Falls du \u00fcber deine Optionen sprechen m\u00f6chtest, kannst du f\u00fcr ein Vorabgespr\u00e4ch zum<span>\u00a0<\/span><span>AStA\u00a0<\/span>kommen:<\/p>\n<ul>\n<li>teilhabe@asta-hsh.de<\/li>\n<li>vielfalt@asta-hsh.de<\/li>\n<\/ul>\n<p>Das Teilen von Alltagsdiskriminierung kann triggernd sein.<br \/>Bitte nimm dir Zeit und zwinge dich nicht zur Beschreibung.<br \/>F\u00fcr\u00a0<span>pychologische Unterst\u00fctzung<\/span>\u00a0kannst du dich gerne an die zentrale\u00a0<span>PTB<\/span>\u00a0wenden:<\/p>\n<ul>\n<li><a href=\"https:\/\/www.ptb.uni-hannover.de\/de\/\">https:\/\/www.ptb.uni-hannover.de\/de\/<\/a><\/li>\n<\/ul>\n<p>Das<span>\u00a0<\/span><strong>Gleichstellungsb\u00fcro<\/strong><span>\u00a0<\/span>unterst\u00fctzt dich und kann dich im Kontext der<span>\u00a0<\/span><strong>Beschwerderichtlinien<\/strong><span>\u00a0<\/span>begleiten:<\/p>\n<p><span>gleichstellung-zentral@hs-hannover.de<\/span><\/p>\n<ul>\n<li>0511 9296-7687<\/li>\n<\/ul>\n<p>Du kannst dich ebenfalls an die\u00a0<strong>Feedbackbox<\/strong><span>\u00a0<\/span>und<span>\u00a0<\/span><strong>Studiendekan*innen<\/strong><span>\u00a0<\/span>der Studieng\u00e4nge wenden:\u00a0<\/p>\n<ul>\n<li>\u00a0<a href=\"https:\/\/www.hs-hannover.de\/ueber-uns\/organisation\/servicezentrum-beratung\/studienberatung\/feedbackbox\">www.hs-hannover.de\/feedbackbox<\/a><\/li>\n<\/ul>\n<p>Bei der<strong><span>\u00a0<\/span>Antidiskriminierungsstelle<\/strong><span>\u00a0<\/span>des Bundes findest du allgemeine Informationen:<\/p>\n<ul>\n<li>\u00a0<a href=\"https:\/\/www.antidiskriminierungsstelle.de\/DE\/wir-beraten-sie\/wegweiser-durch-die-beratung\/wegweiser\/wegweiser-node.html\">www.antidiskriminierungsstelle.de<\/a><\/li>\n<\/ul>\n<\/div>\n<\/div>\n<\/div>\n<p><!--more--><br \/>\n<!-- {\"type\":\"layout\",\"children\":[{\"type\":\"section\",\"props\":{\"css\":\".el-section{\\n    background-color: #262555 !important;\\n}\",\"header_transparent\":true,\"html_element\":\"article\",\"image_position\":\"center-center\",\"padding\":\"large\",\"style\":\"default\",\"title_breakpoint\":\"xl\",\"title_position\":\"top-left\",\"title_rotation\":\"left\",\"vertical_align\":\"middle\",\"width\":\"\"},\"children\":[{\"type\":\"row\",\"children\":[{\"type\":\"column\",\"props\":{\"image_position\":\"center-center\",\"position_sticky_breakpoint\":\"m\"},\"children\":[{\"type\":\"headline\",\"props\":{\"block_align\":\"center\",\"block_align_breakpoint\":\"m\",\"content\":\"Mach Diskriminierung\",\"margin\":\"default\",\"margin_remove_top\":false,\"text_align\":\"center\",\"title_element\":\"h1\",\"title_font_family\":\"tertiary\",\"title_style\":\"heading-small\"}},{\"type\":\"headline\",\"props\":{\"block_align\":\"center\",\"block_align_breakpoint\":\"m\",\"content\":\"SICHTBAR!\",\"margin\":\"default\",\"margin_remove_top\":false,\"text_align\":\"center\",\"title_element\":\"h1\",\"title_style\":\"heading-2xlarge\"}}]}]},{\"type\":\"row\",\"props\":{\"column_gap\":\"large\",\"layout\":\"1-2,1-2\",\"margin\":\"xlarge\",\"row_gap\":\"large\",\"width\":\"default\"},\"children\":[{\"type\":\"column\",\"props\":{\"image_position\":\"center-center\",\"position_sticky_breakpoint\":\"m\",\"vertical_align\":\"middle\",\"width_medium\":\"1-2\"},\"children\":[{\"type\":\"image\",\"props\":{\"image\":\"wp-content\\\/uploads\\\/2024\\\/06\\\/Hear_Me_vert.svg\",\"image_svg_color\":\"emphasis\",\"image_width\":500,\"margin\":\"default\",\"text_align\":\"center\"}}]},{\"type\":\"column\",\"props\":{\"image_position\":\"center-center\",\"position_sticky_breakpoint\":\"m\",\"vertical_align\":\"middle\",\"width_medium\":\"1-2\"},\"children\":[{\"type\":\"headline\",\"props\":{\"block_align\":\"center\",\"block_align_breakpoint\":\"m\",\"content\":\"Hear ME!\",\"link\":\"#\",\"margin\":\"remove-vertical\",\"maxwidth\":\"xlarge\",\"text_align\":\"left\",\"title_element\":\"h1\",\"title_style\":\"h1\"}},{\"type\":\"text\",\"props\":{\"block_align\":\"center\",\"block_align_breakpoint\":\"m\",\"column_breakpoint\":\"m\",\"content\":\"\n\n<p>Die Antidiskriminierungsplattform soll Diskriminierung jeglicher Art sichtbar machen und Betroffenen ein Sprachrohr bieten.<\\\/p>\",\"margin\":\"medium\",\"margin_remove_top\":true,\"maxwidth\":\"xlarge\",\"text_style\":\"large\"}},{\"type\":\"button\",\"props\":{\"block_align\":\"center\",\"button_size\":\"large\",\"css\":\".uk-button-secondary {\\n    background-color: #7559d4;\\n    color: #fff;\\n}\\n\\n.uk-button-default {\\n    background-color: #fff;\\n    color: #4e4d4f;\\n}\",\"fullwidth\":true,\"grid_column_gap\":\"\",\"grid_row_gap\":\"\",\"margin\":\"large\",\"maxwidth\":\"xlarge\",\"maxwidth_breakpoint\":\"m\"},\"children\":[{\"type\":\"button_item\",\"props\":{\"button_style\":\"default\",\"content\":\"dein Erfahrungsbericht anonym senden\",\"icon_align\":\"left\",\"link\":\"https:\\\/\\\/indivsurvey.de\\\/hearme\\\/1656083\\\/5lZj24-d12e3d310300525889239ae1e2f12ac2\",\"link_target\":\"blank\"}},{\"type\":\"button_item\",\"props\":{\"button_style\":\"secondary\",\"content\":\"Ich brauche Unterst\\u00fctzung\",\"icon_align\":\"left\",\"link\":\"#Unterstuetzung\",\"link_target\":\"blank\"}}]}]}]},{\"type\":\"row\",\"props\":{\"width\":\"default\"},\"children\":[{\"type\":\"column\",\"props\":{\"image_position\":\"center-center\",\"position_sticky_breakpoint\":\"m\"},\"children\":[{\"type\":\"headline\",\"props\":{\"content\":\"<span>Ein Projekt gegen Diskriminierung im Hochschulalltag<\\\/span>\",\"title_element\":\"h2\",\"title_style\":\"h2\"}},{\"type\":\"text\",\"props\":{\"column\":\"1-2\",\"column_breakpoint\":\"m\",\"content\":\"\n\n<p>Diskriminierung geschieht st\\u00e4ndig: im Praktikum, in der Vorlesung, in der Pause und vielen weiteren Situationen im Alltag. \\u00dcbergriffige Komplimente oder verallgemeinernde Aussagen k\\u00f6nnen h\\u00e4ufig unbedacht und ohne b\\u00f6se Intention ge\\u00e4u\\u00dfert werden, sind aber dennoch diskriminierend. Sie f\\u00fchren zu Unbehagen, Unsicherheit und verursachen grunds\\u00e4tzlich H\\u00fcrden im Studium. Um das zu \\u00e4ndern, braucht es ein breiteres Verst\\u00e4ndnis daf\\u00fcr was Diskriminierung ist.\\u00a0<\\\/p>\\n\n\n<p>Mit dem HEAR ME Projekt wollen wir denen Geh\\u00f6r verschaffen, die t\\u00e4glich von Diskriminierung betroffen sind. Besonders geht es um Vorf\\u00e4lle an der Hochschule, aber auch andere Erfahrungen k\\u00f6nnen geteilt werden.<\\\/p>\\n\n\n<p>\\u00dcber ein online Formular kannst du uns Berichte \\u00fcber deine Erfahrung mit Diskriminierung schicken. <span>Wir machen diese Berichte dann \\u00fcber Social Media und unsere Website ggf. sichtbar.<\\\/span><\\\/p>\\n\n\n<p>Wichtig: Wir anonymisieren alle Berichte und ver\\u00f6ffentlichen keine Details zu Betroffenen oder T\\u00e4ter*innen. Dabei geht es vor Allem darum, deine Anonymit\\u00e4t zu wahren, damit dein Beitrag nicht auf dich zur\\u00fcckzuf\\u00fchren ist.\\u00a0<\\\/p>\\n\n\n<p class=\\\"p1\\\">Beteiligte k\\u00f6nnen jedoch, trotz ver\\u00e4nderter Details, deine Schilderung mit dir in Verbindung bringen, weil sie z.B. dabei waren. Sei dir dessen bitte bewusst.<\\\/p>\\n\n\n<p>Vielen Dank f\\u00fcr dein\\u00a0Vertrauen!<\\\/p>\",\"margin\":\"default\"}}]}]}],\"name\":\"Product\"},{\"type\":\"section\",\"props\":{\"css\":\".el-section{\\n    background-color: #1c1b45 !important;\\n}\",\"id\":\"Unterstuetzung\",\"image_position\":\"center-center\",\"padding\":\"xlarge\",\"style\":\"default\",\"title_breakpoint\":\"xl\",\"title_position\":\"top-left\",\"title_rotation\":\"left\",\"vertical_align\":\"middle\",\"width\":\"xsmall\"},\"children\":[{\"type\":\"row\",\"props\":{\"column_gap\":\"collapse\",\"row_gap\":\"collapse\"},\"children\":[{\"type\":\"column\",\"props\":{\"image_position\":\"center-center\",\"position_sticky_breakpoint\":\"m\"},\"children\":[{\"type\":\"text\",\"props\":{\"column_breakpoint\":\"m\",\"content\":\"\n\n<div class=\\\"elementor-element elementor-element-3464b3e elementor-widget elementor-widget-heading\\\" data-id=\\\"3464b3e\\\" data-element_type=\\\"widget\\\" data-widget_type=\\\"heading.default\\\">\\n\n\n<div class=\\\"elementor-widget-container\\\">\\n\n\n<h1 class=\\\"elementor-heading-title elementor-size-default\\\">Du brauchst Unterst\\u00fctzung?<\\\/h1>\\n<\\\/div>\\n<\\\/div>\\n\n\n<div class=\\\"elementor-element elementor-element-06a7acd elementor-widget elementor-widget-text-editor\\\" data-id=\\\"06a7acd\\\" data-element_type=\\\"widget\\\" data-widget_type=\\\"text-editor.default\\\">\\n\n\n<div class=\\\"elementor-widget-container\\\">\\n\n\n<p>Du hast die M\\u00f6glichkeit,\\u00a0dich an folgende Stellen zu wenden, wenn du Hilfe ben\\u00f6tigst oder weitere Schritte gehen m\\u00f6chtest:<\\\/p>\\n\n\n<p>Falls du \\u00fcber deine Optionen sprechen m\\u00f6chtest, kannst du f\\u00fcr ein Vorabgespr\\u00e4ch zum<span>\\u00a0<\\\/span><span>AStA\\u00a0<\\\/span>kommen:<\\\/p>\\n\n\n<ul>\\n\n\n<li>teilhabe@asta-hsh.de<\\\/li>\\n\n\n<li>vielfalt@asta-hsh.de<\\\/li>\\n<\\\/ul>\\n\n\n<p>Das Teilen von Alltagsdiskriminierung kann triggernd sein.<br \\\/>Bitte nimm dir Zeit und zwinge dich nicht zur Beschreibung.<br \\\/>F\\u00fcr\\u00a0<span>pychologische Unterst\\u00fctzung<\\\/span>\\u00a0kannst du dich gerne an die zentrale\\u00a0<span>PTB<\\\/span>\\u00a0wenden:<\\\/p>\\n\n\n<ul>\\n\n\n<li><a href=\\\"https:\\\/\\\/www.ptb.uni-hannover.de\\\/de\\\/\\\">https:\\\/\\\/www.ptb.uni-hannover.de\\\/de\\\/<\\\/a><\\\/li>\\n<\\\/ul>\\n\n\n<p>Das<span>\\u00a0<\\\/span><strong>Gleichstellungsb\\u00fcro<\\\/strong><span>\\u00a0<\\\/span>unterst\\u00fctzt dich und kann dich im Kontext der<span>\\u00a0<\\\/span><strong>Beschwerderichtlinien<\\\/strong><span>\\u00a0<\\\/span>begleiten:<\\\/p>\\n\n\n<p><span>gleichstellung-zentral@hs-hannover.de<\\\/span><\\\/p>\\n\n\n<ul>\\n\n\n<li>0511 9296-7687<\\\/li>\\n<\\\/ul>\\n\n\n<p>Du kannst dich ebenfalls an die\\u00a0<strong>Feedbackbox<\\\/strong><span>\\u00a0<\\\/span>und<span>\\u00a0<\\\/span><strong>Studiendekan*innen<\\\/strong><span>\\u00a0<\\\/span>der Studieng\\u00e4nge wenden:\\u00a0<\\\/p>\\n\n\n<ul>\\n\n\n<li>\\u00a0<a href=\\\"https:\\\/\\\/www.hs-hannover.de\\\/ueber-uns\\\/organisation\\\/servicezentrum-beratung\\\/studienberatung\\\/feedbackbox\\\">www.hs-hannover.de\\\/feedbackbox<\\\/a><\\\/li>\\n<\\\/ul>\\n\n\n<p>Bei der<strong><span>\\u00a0<\\\/span>Antidiskriminierungsstelle<\\\/strong><span>\\u00a0<\\\/span>des Bundes findest du allgemeine Informationen:<\\\/p>\\n\n\n<ul>\\n\n\n<li>\\u00a0<a href=\\\"https:\\\/\\\/www.antidiskriminierungsstelle.de\\\/DE\\\/wir-beraten-sie\\\/wegweiser-durch-die-beratung\\\/wegweiser\\\/wegweiser-node.html\\\">www.antidiskriminierungsstelle.de<\\\/a><\\\/li>\\n<\\\/ul>\\n<\\\/div>\\n<\\\/div>\",\"margin\":\"default\"}}]}]}],\"name\":\"Unterst\\u00fctzung\"}],\"version\":\"4.3.8\"} --><\/p>\n","protected":false},"excerpt":{"rendered":"<p>Mach Diskriminierung SICHTBAR! Hear ME! Die Antidiskriminierungsplattform soll Diskriminierung jeglicher Art sichtbar machen und Betroffenen ein Sprachrohr bieten. dein Erfahrungsbericht anonym senden Ich brauche Unterst\u00fctzung Ein Projekt gegen Diskriminierung im Hochschulalltag Diskriminierung geschieht st\u00e4ndig: im Praktikum, in der Vorlesung, in der Pause und vielen weiteren Situationen im Alltag. \u00dcbergriffige Komplimente oder verallgemeinernde Aussagen k\u00f6nnen h\u00e4ufig [&hellip;]<\/p>\n","protected":false},"author":3,"featured_media":0,"parent":0,"menu_order":0,"comment_status":"closed","ping_status":"closed","template":"","meta":{"_acf_changed":false,"footnotes":""},"class_list":["post-1876","page","type-page","status-publish","hentry"],"acf":[],"yoast_head":"<!-- This site is optimized with the Yoast SEO plugin v26.5 - https:\/\/yoast.com\/wordpress\/plugins\/seo\/ -->\n<title>Hear ME! - AStA Hochschule Hannover<\/title>\n<meta name=\"robots\" content=\"index, follow, max-snippet:-1, max-image-preview:large, max-video-preview:-1\" \/>\n<link rel=\"canonical\" href=\"https:\/\/asta-hsh.de\/en\/hear-me\/\" \/>\n<meta property=\"og:locale\" content=\"en_GB\" \/>\n<meta property=\"og:type\" content=\"article\" \/>\n<meta property=\"og:title\" content=\"Hear ME! - AStA Hochschule Hannover\" \/>\n<meta property=\"og:description\" content=\"Mach Diskriminierung SICHTBAR! Hear ME! Die Antidiskriminierungsplattform soll Diskriminierung jeglicher Art sichtbar machen und Betroffenen ein Sprachrohr bieten. dein Erfahrungsbericht anonym senden Ich brauche Unterst\u00fctzung Ein Projekt gegen Diskriminierung im Hochschulalltag Diskriminierung geschieht st\u00e4ndig: im Praktikum, in der Vorlesung, in der Pause und vielen weiteren Situationen im Alltag. \u00dcbergriffige Komplimente oder verallgemeinernde Aussagen k\u00f6nnen h\u00e4ufig [&hellip;]\" \/>\n<meta property=\"og:url\" content=\"https:\/\/asta-hsh.de\/en\/hear-me\/\" \/>\n<meta property=\"og:site_name\" content=\"AStA Hochschule Hannover\" \/>\n<meta property=\"article:modified_time\" content=\"2024-08-01T09:22:30+00:00\" \/>\n<meta name=\"twitter:card\" content=\"summary_large_image\" \/>\n<script type=\"application\/ld+json\" class=\"yoast-schema-graph\">{\"@context\":\"https:\/\/schema.org\",\"@graph\":[{\"@type\":\"WebPage\",\"@id\":\"https:\/\/asta-hsh.de\/hear-me\/\",\"url\":\"https:\/\/asta-hsh.de\/hear-me\/\",\"name\":\"Hear ME! - AStA Hochschule Hannover\",\"isPartOf\":{\"@id\":\"https:\/\/asta-hsh.de\/#website\"},\"datePublished\":\"2024-03-29T12:48:58+00:00\",\"dateModified\":\"2024-08-01T09:22:30+00:00\",\"breadcrumb\":{\"@id\":\"https:\/\/asta-hsh.de\/hear-me\/#breadcrumb\"},\"inLanguage\":\"en-GB\",\"potentialAction\":[{\"@type\":\"ReadAction\",\"target\":[\"https:\/\/asta-hsh.de\/hear-me\/\"]}]},{\"@type\":\"BreadcrumbList\",\"@id\":\"https:\/\/asta-hsh.de\/hear-me\/#breadcrumb\",\"itemListElement\":[{\"@type\":\"ListItem\",\"position\":1,\"name\":\"Startseite\",\"item\":\"https:\/\/asta-hsh.de\/\"},{\"@type\":\"ListItem\",\"position\":2,\"name\":\"Hear ME!\"}]},{\"@type\":\"WebSite\",\"@id\":\"https:\/\/asta-hsh.de\/#website\",\"url\":\"https:\/\/asta-hsh.de\/\",\"name\":\"AStA HSH\",\"description\":\"Der Allgemeine Studierendenausschuss der Hochschule Hannover\",\"publisher\":{\"@id\":\"https:\/\/asta-hsh.de\/#organization\"},\"potentialAction\":[{\"@type\":\"SearchAction\",\"target\":{\"@type\":\"EntryPoint\",\"urlTemplate\":\"https:\/\/asta-hsh.de\/?s={search_term_string}\"},\"query-input\":{\"@type\":\"PropertyValueSpecification\",\"valueRequired\":true,\"valueName\":\"search_term_string\"}}],\"inLanguage\":\"en-GB\"},{\"@type\":\"Organization\",\"@id\":\"https:\/\/asta-hsh.de\/#organization\",\"name\":\"AStA Hochschule Hannover\",\"url\":\"https:\/\/asta-hsh.de\/\",\"logo\":{\"@type\":\"ImageObject\",\"inLanguage\":\"en-GB\",\"@id\":\"https:\/\/asta-hsh.de\/#\/schema\/logo\/image\/\",\"url\":\"http:\/\/test.asta-hsh.de\/wp-content\/uploads\/2023\/06\/AStA-Logo.svg\",\"contentUrl\":\"http:\/\/test.asta-hsh.de\/wp-content\/uploads\/2023\/06\/AStA-Logo.svg\",\"width\":130,\"height\":89,\"caption\":\"AStA Hochschule Hannover\"},\"image\":{\"@id\":\"https:\/\/asta-hsh.de\/#\/schema\/logo\/image\/\"}}]}<\/script>\n<!-- \/ Yoast SEO plugin. -->","yoast_head_json":{"title":"Hear ME! - AStA Hochschule Hannover","robots":{"index":"index","follow":"follow","max-snippet":"max-snippet:-1","max-image-preview":"max-image-preview:large","max-video-preview":"max-video-preview:-1"},"canonical":"https:\/\/asta-hsh.de\/en\/hear-me\/","og_locale":"en_GB","og_type":"article","og_title":"Hear ME! - AStA Hochschule Hannover","og_description":"Mach Diskriminierung SICHTBAR! Hear ME! Die Antidiskriminierungsplattform soll Diskriminierung jeglicher Art sichtbar machen und Betroffenen ein Sprachrohr bieten. dein Erfahrungsbericht anonym senden Ich brauche Unterst\u00fctzung Ein Projekt gegen Diskriminierung im Hochschulalltag Diskriminierung geschieht st\u00e4ndig: im Praktikum, in der Vorlesung, in der Pause und vielen weiteren Situationen im Alltag. \u00dcbergriffige Komplimente oder verallgemeinernde Aussagen k\u00f6nnen h\u00e4ufig [&hellip;]","og_url":"https:\/\/asta-hsh.de\/en\/hear-me\/","og_site_name":"AStA Hochschule Hannover","article_modified_time":"2024-08-01T09:22:30+00:00","twitter_card":"summary_large_image","schema":{"@context":"https:\/\/schema.org","@graph":[{"@type":"WebPage","@id":"https:\/\/asta-hsh.de\/hear-me\/","url":"https:\/\/asta-hsh.de\/hear-me\/","name":"Hear ME! - AStA Hochschule Hannover","isPartOf":{"@id":"https:\/\/asta-hsh.de\/#website"},"datePublished":"2024-03-29T12:48:58+00:00","dateModified":"2024-08-01T09:22:30+00:00","breadcrumb":{"@id":"https:\/\/asta-hsh.de\/hear-me\/#breadcrumb"},"inLanguage":"en-GB","potentialAction":[{"@type":"ReadAction","target":["https:\/\/asta-hsh.de\/hear-me\/"]}]},{"@type":"BreadcrumbList","@id":"https:\/\/asta-hsh.de\/hear-me\/#breadcrumb","itemListElement":[{"@type":"ListItem","position":1,"name":"Startseite","item":"https:\/\/asta-hsh.de\/"},{"@type":"ListItem","position":2,"name":"Hear ME!"}]},{"@type":"WebSite","@id":"https:\/\/asta-hsh.de\/#website","url":"https:\/\/asta-hsh.de\/","name":"AStA HSH","description":"Der Allgemeine Studierendenausschuss der Hochschule Hannover","publisher":{"@id":"https:\/\/asta-hsh.de\/#organization"},"potentialAction":[{"@type":"SearchAction","target":{"@type":"EntryPoint","urlTemplate":"https:\/\/asta-hsh.de\/?s={search_term_string}"},"query-input":{"@type":"PropertyValueSpecification","valueRequired":true,"valueName":"search_term_string"}}],"inLanguage":"en-GB"},{"@type":"Organization","@id":"https:\/\/asta-hsh.de\/#organization","name":"AStA Hochschule Hannover","url":"https:\/\/asta-hsh.de\/","logo":{"@type":"ImageObject","inLanguage":"en-GB","@id":"https:\/\/asta-hsh.de\/#\/schema\/logo\/image\/","url":"http:\/\/test.asta-hsh.de\/wp-content\/uploads\/2023\/06\/AStA-Logo.svg","contentUrl":"http:\/\/test.asta-hsh.de\/wp-content\/uploads\/2023\/06\/AStA-Logo.svg","width":130,"height":89,"caption":"AStA Hochschule Hannover"},"image":{"@id":"https:\/\/asta-hsh.de\/#\/schema\/logo\/image\/"}}]}},"_links":{"self":[{"href":"https:\/\/asta-hsh.de\/en\/wp-json\/wp\/v2\/pages\/1876","targetHints":{"allow":["GET"]}}],"collection":[{"href":"https:\/\/asta-hsh.de\/en\/wp-json\/wp\/v2\/pages"}],"about":[{"href":"https:\/\/asta-hsh.de\/en\/wp-json\/wp\/v2\/types\/page"}],"author":[{"embeddable":true,"href":"https:\/\/asta-hsh.de\/en\/wp-json\/wp\/v2\/users\/3"}],"replies":[{"embeddable":true,"href":"https:\/\/asta-hsh.de\/en\/wp-json\/wp\/v2\/comments?post=1876"}],"version-history":[{"count":31,"href":"https:\/\/asta-hsh.de\/en\/wp-json\/wp\/v2\/pages\/1876\/revisions"}],"predecessor-version":[{"id":3110,"href":"https:\/\/asta-hsh.de\/en\/wp-json\/wp\/v2\/pages\/1876\/revisions\/3110"}],"wp:attachment":[{"href":"https:\/\/asta-hsh.de\/en\/wp-json\/wp\/v2\/media?parent=1876"}],"curies":[{"name":"wp","href":"https:\/\/api.w.org\/{rel}","templated":true}]}}