{"id":228,"date":"2023-06-24T06:55:07","date_gmt":"2023-06-24T06:55:07","guid":{"rendered":"http:\/\/test.asta-hsh.de\/?page_id=228"},"modified":"2025-08-16T09:29:38","modified_gmt":"2025-08-16T09:29:38","slug":"impressum","status":"publish","type":"page","link":"https:\/\/asta-hsh.de\/en\/impressum\/","title":{"rendered":"Impressum"},"content":{"rendered":"<h1>Impressum<\/h1>\n<div>\n<p><span><b>Name und Anschrift der f\u00fcr den Inhalt Verantwortlichen:\u00a0<\/b><\/span><\/p>\n<p><span><strong>Verfasste Studierendenschaft der Hochschule\u00a0 Hannover (K.d.\u00f6.R.)<\/strong>\u00a0 vertreten durch den Allgemeinen Studierendenausschuss.<\/span><\/p>\n<p><span>Der Allgemeine Studierendenausschuss wird vertreten durch den Vorstand, das Studierendenparlament wird vertreten durch das Pr\u00e4sidium.<\/span><\/p>\n<\/div>\n<h1>AStA Vorstand<\/h1>\n<div>\n<\/div>\n<h1>StuPa Pr\u00e4sidium<\/h1>\n<div>\n<\/div>\n<div>\n<p><span>Ricklinger Stadtweg 120<br \/><\/span><span>30459 Hannover<br \/>Deutschland<\/span><\/p>\n<p><span>E-Mail: <a href=\"mailto:vorstand@asta-hsh.de\">vorstand@asta-hsh.de<\/a><\/span><\/p>\n<\/p>\n<p><strong>Urheberrechtshinweis<\/strong><br \/>Soweit die Inhalte auf dieser Seite nicht vom Betreiber erstellt wurden, werden die Urheberrechte Dritter beachtet. Inhalte Dritter sind ausdr\u00fccklich als solche gekennzeichnet. Sollten Sie dennoch auf eine Urheberrechtsverletzung aufmerksam werden, bitten wir um einen entsprechenden Hinweis. Bei Bekanntwerden von Rechtsverletzungen werden wir solche Inhalte umgehend entfernen.<\/p>\n<\/p>\n<p><strong>Haftung f\u00fcr Links<\/strong><br \/>Unser Angebot enth\u00e4lt Links zu externen Webseiten Dritter, deren Inhalte au\u00dferhalb unseres Einflussbereiches liegen. Daher k\u00f6nnen wir f\u00fcr diese fremden Inhalte keine Gew\u00e4hr \u00fcbernehmen. F\u00fcr die Inhalte der verlinkten Seiten ist stets der jeweilige Anbieter oder Betreiber verantwortlich. Die verlinkten Seiten wurden zum Zeitpunkt der Verlinkung auf m\u00f6gliche Rechtsverst\u00f6\u00dfe \u00fcberpr\u00fcft, wobei keine rechtswidrigen Inhalte erkennbar waren.<\/p>\n<\/p>\n<p><strong>Verantwortlichkeit f\u00fcr den Inhalt<\/strong><br \/><span>Die jeweiligen Ersteller der einzelnen Seiten sind f\u00fcr die Richtigkeit und Aktualit\u00e4t der Inhalte verantwortlich.<\/span><\/p>\n<\/div>\n<p><!--more--><br \/>\n<!-- {\"type\":\"layout\",\"children\":[{\"type\":\"section\",\"props\":{\"height\":\"viewport\",\"height_offset_top\":true,\"image_position\":\"center-center\",\"style\":\"default\",\"title_breakpoint\":\"xl\",\"title_position\":\"top-left\",\"title_rotation\":\"left\",\"vertical_align\":\"middle\",\"width\":\"xsmall\"},\"children\":[{\"type\":\"row\",\"children\":[{\"type\":\"column\",\"props\":{\"image_position\":\"center-center\",\"position_sticky_breakpoint\":\"m\"},\"children\":[{\"type\":\"headline\",\"props\":{\"content\":\"Impressum\",\"text_align\":\"center\",\"title_color\":\"primary\",\"title_element\":\"h1\",\"title_style\":\"heading-medium\"}},{\"type\":\"text\",\"props\":{\"column_breakpoint\":\"m\",\"content\":\"\n\n<p><span><b>Name und Anschrift der f\\u00fcr den Inhalt Verantwortlichen:\\u00a0<\\\/b><\\\/span><\\\/p>\\n\n\n<p><span><strong>Verfasste Studierendenschaft der Hochschule\\u00a0 Hannover (K.d.\\u00f6.R.)<\\\/strong>\\u00a0 vertreten durch den Allgemeinen Studierendenausschuss.<\\\/span><\\\/p>\\n\n\n<p><span>Der Allgemeine Studierendenausschuss wird vertreten durch den Vorstand, das Studierendenparlament wird vertreten durch das Pr\\u00e4sidium.<\\\/span><\\\/p>\",\"margin\":\"\",\"text_align\":\"center\",\"text_style\":\"large\"}},{\"type\":\"headline\",\"props\":{\"content\":\"AStA Vorstand\",\"text_align\":\"center\",\"title_element\":\"h1\"}},{\"type\":\"grid\",\"props\":{\"block_align\":\"right\",\"container_padding_remove\":false,\"content_column_breakpoint\":\"m\",\"filter_align\":\"left\",\"filter_all\":true,\"filter_grid_breakpoint\":\"m\",\"filter_grid_width\":\"auto\",\"filter_position\":\"top\",\"filter_style\":\"tab\",\"grid_column_align\":true,\"grid_column_gap\":\"small\",\"grid_default\":\"1\",\"grid_large\":\"auto\",\"grid_medium\":\"auto\",\"grid_row_gap\":\"small\",\"grid_small\":\"2\",\"grid_xlarge\":\"auto\",\"icon_width\":80,\"image_align\":\"top\",\"image_grid_breakpoint\":\"m\",\"image_grid_width\":\"1-2\",\"image_svg_color\":\"emphasis\",\"item_animation\":true,\"link_style\":\"default\",\"link_text\":\"Read more\",\"margin\":\"default\",\"meta_align\":\"below-title\",\"meta_element\":\"div\",\"meta_style\":\"text-meta\",\"panel_padding\":\"small\",\"panel_style\":\"card-default\",\"show_content\":true,\"show_image\":true,\"show_link\":true,\"show_meta\":true,\"show_title\":true,\"text_align\":\"center\",\"title_align\":\"top\",\"title_element\":\"h3\",\"title_grid_breakpoint\":\"m\",\"title_grid_width\":\"1-2\",\"title_hover_style\":\"reset\"},\"children\":[{\"type\":\"grid_item\",\"source\":{\"props\":{\"title\":{\"filters\":{\"search\":\"\"},\"name\":\"field.name\"},\"_condition\":{\"filters\":{\"condition\":\"~=\",\"condition_value\":\"AStA Vorstand\"},\"name\":\"field.zugehorigkeit.value\"},\"meta\":{\"filters\":{\"search\":\"\"},\"name\":\"field.stelle_position\"}},\"query\":{\"name\":\"stelles.customStelles\",\"arguments\":{\"users\":[],\"users_operator\":\"IN\",\"offset\":0,\"limit\":120,\"order\":\"date\",\"order_direction\":\"DESC\"}}}}]},{\"type\":\"headline\",\"props\":{\"content\":\"StuPa Pr\\u00e4sidium\",\"text_align\":\"center\",\"title_element\":\"h1\"}},{\"type\":\"grid\",\"props\":{\"block_align\":\"right\",\"container_padding_remove\":false,\"content_column_breakpoint\":\"m\",\"filter_align\":\"left\",\"filter_all\":true,\"filter_grid_breakpoint\":\"m\",\"filter_grid_width\":\"auto\",\"filter_position\":\"top\",\"filter_style\":\"tab\",\"grid_column_align\":true,\"grid_column_gap\":\"small\",\"grid_default\":\"1\",\"grid_large\":\"auto\",\"grid_medium\":\"auto\",\"grid_row_gap\":\"small\",\"grid_small\":\"2\",\"grid_xlarge\":\"auto\",\"icon_width\":80,\"image_align\":\"top\",\"image_grid_breakpoint\":\"m\",\"image_grid_width\":\"1-2\",\"image_svg_color\":\"emphasis\",\"item_animation\":true,\"link_style\":\"default\",\"link_text\":\"Read more\",\"margin\":\"default\",\"meta_align\":\"below-title\",\"meta_element\":\"div\",\"meta_style\":\"text-meta\",\"panel_padding\":\"small\",\"panel_style\":\"card-default\",\"show_content\":true,\"show_image\":true,\"show_link\":true,\"show_meta\":true,\"show_title\":true,\"text_align\":\"center\",\"title_align\":\"top\",\"title_element\":\"h3\",\"title_grid_breakpoint\":\"m\",\"title_grid_width\":\"1-2\",\"title_hover_style\":\"reset\"},\"children\":[{\"type\":\"grid_item\",\"source\":{\"props\":{\"title\":{\"filters\":{\"search\":\"\"},\"name\":\"field.name\"},\"_condition\":{\"filters\":{\"condition\":\"~=\",\"condition_value\":\"StuPa Pr\\u00e4sidium\"},\"name\":\"field.zugehorigkeit.value\"},\"meta\":{\"filters\":{\"search\":\"\"},\"name\":\"field.stelle_position\"}},\"query\":{\"name\":\"stelles.customStelles\",\"arguments\":{\"users\":[],\"users_operator\":\"IN\",\"offset\":0,\"limit\":120,\"order\":\"menu_order\",\"order_direction\":\"ASC\",\"order_alphanum\":false}}}}]},{\"type\":\"text\",\"props\":{\"column_breakpoint\":\"m\",\"content\":\"\n\n<p><\\\/p>\\n\n\n<p><span>Ricklinger Stadtweg 120<br \\\/><\\\/span><span>30459 Hannover<br \\\/>Deutschland<\\\/span><\\\/p>\\n\n\n<p><span>E-Mail: <a href=\\\"mailto:vorstand@asta-hsh.de\\\">vorstand@asta-hsh.de<\\\/a><\\\/span><\\\/p>\\n\n\n<p><br \\\/><br \\\/><\\\/p>\\n\n\n<p><strong>Urheberrechtshinweis<\\\/strong><br \\\/>Soweit die Inhalte auf dieser Seite nicht vom Betreiber erstellt wurden, werden die Urheberrechte Dritter beachtet. Inhalte Dritter sind ausdr\\u00fccklich als solche gekennzeichnet. Sollten Sie dennoch auf eine Urheberrechtsverletzung aufmerksam werden, bitten wir um einen entsprechenden Hinweis. Bei Bekanntwerden von Rechtsverletzungen werden wir solche Inhalte umgehend entfernen.<\\\/p>\\n\n\n<p><\\\/p>\\n\n\n<p><strong>Haftung f\\u00fcr Links<\\\/strong><br \\\/>Unser Angebot enth\\u00e4lt Links zu externen Webseiten Dritter, deren Inhalte au\\u00dferhalb unseres Einflussbereiches liegen. Daher k\\u00f6nnen wir f\\u00fcr diese fremden Inhalte keine Gew\\u00e4hr \\u00fcbernehmen. F\\u00fcr die Inhalte der verlinkten Seiten ist stets der jeweilige Anbieter oder Betreiber verantwortlich. Die verlinkten Seiten wurden zum Zeitpunkt der Verlinkung auf m\\u00f6gliche Rechtsverst\\u00f6\\u00dfe \\u00fcberpr\\u00fcft, wobei keine rechtswidrigen Inhalte erkennbar waren.<\\\/p>\\n\n\n<p><\\\/p>\\n\n\n<p><\\\/p>\\n\n\n<p><strong>Verantwortlichkeit f\\u00fcr den Inhalt<\\\/strong><br \\\/><span>Die jeweiligen Ersteller der einzelnen Seiten sind f\\u00fcr die Richtigkeit und Aktualit\\u00e4t der Inhalte verantwortlich.<\\\/span><\\\/p>\",\"margin\":\"\",\"text_align\":\"center\",\"text_style\":\"large\"}}]}]}],\"name\":\"Imprint\"}],\"version\":\"4.3.8\"} --><\/p>\n","protected":false},"excerpt":{"rendered":"<p>Impressum Name und Anschrift der f\u00fcr den Inhalt Verantwortlichen:\u00a0 Verfasste Studierendenschaft der Hochschule\u00a0 Hannover (K.d.\u00f6.R.)\u00a0 vertreten durch den Allgemeinen Studierendenausschuss. Der Allgemeine Studierendenausschuss wird vertreten durch den Vorstand, das Studierendenparlament wird vertreten durch das Pr\u00e4sidium. AStA Vorstand StuPa Pr\u00e4sidium Ricklinger Stadtweg 12030459 HannoverDeutschland E-Mail: vorstand@asta-hsh.de UrheberrechtshinweisSoweit die Inhalte auf dieser Seite nicht vom Betreiber erstellt [&hellip;]<\/p>\n","protected":false},"author":1,"featured_media":0,"parent":0,"menu_order":0,"comment_status":"closed","ping_status":"closed","template":"","meta":{"_acf_changed":false,"footnotes":""},"class_list":["post-228","page","type-page","status-publish","hentry"],"acf":[],"yoast_head":"<!-- This site is optimized with the Yoast SEO plugin v26.5 - https:\/\/yoast.com\/wordpress\/plugins\/seo\/ -->\n<title>Impressum - AStA Hochschule Hannover<\/title>\n<meta name=\"robots\" content=\"index, follow, max-snippet:-1, max-image-preview:large, max-video-preview:-1\" \/>\n<link rel=\"canonical\" href=\"https:\/\/asta-hsh.de\/en\/impressum\/\" \/>\n<meta property=\"og:locale\" content=\"en_GB\" \/>\n<meta property=\"og:type\" content=\"article\" \/>\n<meta property=\"og:title\" content=\"Impressum - AStA Hochschule Hannover\" \/>\n<meta property=\"og:description\" content=\"Impressum Name und Anschrift der f\u00fcr den Inhalt Verantwortlichen:\u00a0 Verfasste Studierendenschaft der Hochschule\u00a0 Hannover (K.d.\u00f6.R.)\u00a0 vertreten durch den Allgemeinen Studierendenausschuss. Der Allgemeine Studierendenausschuss wird vertreten durch den Vorstand, das Studierendenparlament wird vertreten durch das Pr\u00e4sidium. AStA Vorstand StuPa Pr\u00e4sidium Ricklinger Stadtweg 12030459 HannoverDeutschland E-Mail: vorstand@asta-hsh.de UrheberrechtshinweisSoweit die Inhalte auf dieser Seite nicht vom Betreiber erstellt [&hellip;]\" \/>\n<meta property=\"og:url\" content=\"https:\/\/asta-hsh.de\/en\/impressum\/\" \/>\n<meta property=\"og:site_name\" content=\"AStA Hochschule Hannover\" \/>\n<meta property=\"article:modified_time\" content=\"2025-08-16T09:29:38+00:00\" \/>\n<meta name=\"twitter:card\" content=\"summary_large_image\" \/>\n<script type=\"application\/ld+json\" class=\"yoast-schema-graph\">{\"@context\":\"https:\/\/schema.org\",\"@graph\":[{\"@type\":\"WebPage\",\"@id\":\"https:\/\/asta-hsh.de\/impressum\/\",\"url\":\"https:\/\/asta-hsh.de\/impressum\/\",\"name\":\"Impressum - AStA Hochschule Hannover\",\"isPartOf\":{\"@id\":\"https:\/\/asta-hsh.de\/#website\"},\"datePublished\":\"2023-06-24T06:55:07+00:00\",\"dateModified\":\"2025-08-16T09:29:38+00:00\",\"breadcrumb\":{\"@id\":\"https:\/\/asta-hsh.de\/impressum\/#breadcrumb\"},\"inLanguage\":\"en-GB\",\"potentialAction\":[{\"@type\":\"ReadAction\",\"target\":[\"https:\/\/asta-hsh.de\/impressum\/\"]}]},{\"@type\":\"BreadcrumbList\",\"@id\":\"https:\/\/asta-hsh.de\/impressum\/#breadcrumb\",\"itemListElement\":[{\"@type\":\"ListItem\",\"position\":1,\"name\":\"Startseite\",\"item\":\"https:\/\/asta-hsh.de\/\"},{\"@type\":\"ListItem\",\"position\":2,\"name\":\"Impressum\"}]},{\"@type\":\"WebSite\",\"@id\":\"https:\/\/asta-hsh.de\/#website\",\"url\":\"https:\/\/asta-hsh.de\/\",\"name\":\"AStA HSH\",\"description\":\"Der Allgemeine Studierendenausschuss der Hochschule Hannover\",\"publisher\":{\"@id\":\"https:\/\/asta-hsh.de\/#organization\"},\"potentialAction\":[{\"@type\":\"SearchAction\",\"target\":{\"@type\":\"EntryPoint\",\"urlTemplate\":\"https:\/\/asta-hsh.de\/?s={search_term_string}\"},\"query-input\":{\"@type\":\"PropertyValueSpecification\",\"valueRequired\":true,\"valueName\":\"search_term_string\"}}],\"inLanguage\":\"en-GB\"},{\"@type\":\"Organization\",\"@id\":\"https:\/\/asta-hsh.de\/#organization\",\"name\":\"AStA Hochschule Hannover\",\"url\":\"https:\/\/asta-hsh.de\/\",\"logo\":{\"@type\":\"ImageObject\",\"inLanguage\":\"en-GB\",\"@id\":\"https:\/\/asta-hsh.de\/#\/schema\/logo\/image\/\",\"url\":\"http:\/\/test.asta-hsh.de\/wp-content\/uploads\/2023\/06\/AStA-Logo.svg\",\"contentUrl\":\"http:\/\/test.asta-hsh.de\/wp-content\/uploads\/2023\/06\/AStA-Logo.svg\",\"width\":130,\"height\":89,\"caption\":\"AStA Hochschule Hannover\"},\"image\":{\"@id\":\"https:\/\/asta-hsh.de\/#\/schema\/logo\/image\/\"}}]}<\/script>\n<!-- \/ Yoast SEO plugin. -->","yoast_head_json":{"title":"Impressum - AStA Hochschule Hannover","robots":{"index":"index","follow":"follow","max-snippet":"max-snippet:-1","max-image-preview":"max-image-preview:large","max-video-preview":"max-video-preview:-1"},"canonical":"https:\/\/asta-hsh.de\/en\/impressum\/","og_locale":"en_GB","og_type":"article","og_title":"Impressum - AStA Hochschule Hannover","og_description":"Impressum Name und Anschrift der f\u00fcr den Inhalt Verantwortlichen:\u00a0 Verfasste Studierendenschaft der Hochschule\u00a0 Hannover (K.d.\u00f6.R.)\u00a0 vertreten durch den Allgemeinen Studierendenausschuss. Der Allgemeine Studierendenausschuss wird vertreten durch den Vorstand, das Studierendenparlament wird vertreten durch das Pr\u00e4sidium. AStA Vorstand StuPa Pr\u00e4sidium Ricklinger Stadtweg 12030459 HannoverDeutschland E-Mail: vorstand@asta-hsh.de UrheberrechtshinweisSoweit die Inhalte auf dieser Seite nicht vom Betreiber erstellt [&hellip;]","og_url":"https:\/\/asta-hsh.de\/en\/impressum\/","og_site_name":"AStA Hochschule Hannover","article_modified_time":"2025-08-16T09:29:38+00:00","twitter_card":"summary_large_image","schema":{"@context":"https:\/\/schema.org","@graph":[{"@type":"WebPage","@id":"https:\/\/asta-hsh.de\/impressum\/","url":"https:\/\/asta-hsh.de\/impressum\/","name":"Impressum - AStA Hochschule Hannover","isPartOf":{"@id":"https:\/\/asta-hsh.de\/#website"},"datePublished":"2023-06-24T06:55:07+00:00","dateModified":"2025-08-16T09:29:38+00:00","breadcrumb":{"@id":"https:\/\/asta-hsh.de\/impressum\/#breadcrumb"},"inLanguage":"en-GB","potentialAction":[{"@type":"ReadAction","target":["https:\/\/asta-hsh.de\/impressum\/"]}]},{"@type":"BreadcrumbList","@id":"https:\/\/asta-hsh.de\/impressum\/#breadcrumb","itemListElement":[{"@type":"ListItem","position":1,"name":"Startseite","item":"https:\/\/asta-hsh.de\/"},{"@type":"ListItem","position":2,"name":"Impressum"}]},{"@type":"WebSite","@id":"https:\/\/asta-hsh.de\/#website","url":"https:\/\/asta-hsh.de\/","name":"AStA HSH","description":"Der Allgemeine Studierendenausschuss der Hochschule Hannover","publisher":{"@id":"https:\/\/asta-hsh.de\/#organization"},"potentialAction":[{"@type":"SearchAction","target":{"@type":"EntryPoint","urlTemplate":"https:\/\/asta-hsh.de\/?s={search_term_string}"},"query-input":{"@type":"PropertyValueSpecification","valueRequired":true,"valueName":"search_term_string"}}],"inLanguage":"en-GB"},{"@type":"Organization","@id":"https:\/\/asta-hsh.de\/#organization","name":"AStA Hochschule Hannover","url":"https:\/\/asta-hsh.de\/","logo":{"@type":"ImageObject","inLanguage":"en-GB","@id":"https:\/\/asta-hsh.de\/#\/schema\/logo\/image\/","url":"http:\/\/test.asta-hsh.de\/wp-content\/uploads\/2023\/06\/AStA-Logo.svg","contentUrl":"http:\/\/test.asta-hsh.de\/wp-content\/uploads\/2023\/06\/AStA-Logo.svg","width":130,"height":89,"caption":"AStA Hochschule Hannover"},"image":{"@id":"https:\/\/asta-hsh.de\/#\/schema\/logo\/image\/"}}]}},"_links":{"self":[{"href":"https:\/\/asta-hsh.de\/en\/wp-json\/wp\/v2\/pages\/228","targetHints":{"allow":["GET"]}}],"collection":[{"href":"https:\/\/asta-hsh.de\/en\/wp-json\/wp\/v2\/pages"}],"about":[{"href":"https:\/\/asta-hsh.de\/en\/wp-json\/wp\/v2\/types\/page"}],"author":[{"embeddable":true,"href":"https:\/\/asta-hsh.de\/en\/wp-json\/wp\/v2\/users\/1"}],"replies":[{"embeddable":true,"href":"https:\/\/asta-hsh.de\/en\/wp-json\/wp\/v2\/comments?post=228"}],"version-history":[{"count":21,"href":"https:\/\/asta-hsh.de\/en\/wp-json\/wp\/v2\/pages\/228\/revisions"}],"predecessor-version":[{"id":3820,"href":"https:\/\/asta-hsh.de\/en\/wp-json\/wp\/v2\/pages\/228\/revisions\/3820"}],"wp:attachment":[{"href":"https:\/\/asta-hsh.de\/en\/wp-json\/wp\/v2\/media?parent=228"}],"curies":[{"name":"wp","href":"https:\/\/api.w.org\/{rel}","templated":true}]}}