{"id":3263,"date":"2024-10-01T10:12:27","date_gmt":"2024-10-01T10:12:27","guid":{"rendered":"https:\/\/asta-hsh.de\/?page_id=3263"},"modified":"2026-04-20T15:00:10","modified_gmt":"2026-04-20T15:00:10","slug":"bewerbung","status":"publish","type":"page","link":"https:\/\/asta-hsh.de\/en\/bewerbung\/","title":{"rendered":"Bewerbung"},"content":{"rendered":"<h1>Aktuell ausgeschriebene Stellen<\/h1>\n<h1>beim AStA<\/h1>\n<ul>\n<li>\n<\/li>\n<li>\n<h2>Aktuell gibt es keine weiteren ausgeschriebenen Stellen.<\/h2>\n<div>Schau aber gerne an einem anderen Tag nochmal vorbei \ud83d\ude00<\/p>\n<\/div>\n<\/li>\n<\/ul>\n<h1>Die Ausschreibungen werden organisiert vom:<\/h1>\n<h1>Allgemeiner Studierenden\u00adausschuss (AStA)<\/h1>\n<div>\n<p>Der AStA vertritt die Interessen aller Studierenden an der Hochschule Hannover und ist unter den Gremien der studentischen Selbstverwaltung das ausf\u00fchrende Organ. Jedes der AStA-Referate ist dabei f\u00fcr einen bestimmten Aufgabenbereich zust\u00e4ndig.<\/p>\n<p>Unser B\u00fcro findest Du im Studierendenzentrum am Campus Linden (Raum 1J.0.35).<\/p>\n<\/div>\n<p><img decoding=\"async\" src=\"\/wp-content\/uploads\/2023\/06\/AStA-Logo.svg\" alt=\"\"><\/p>\n<ul>\n<li>\n<p>        <img decoding=\"async\" src=\"\/wp-content\/uploads\/2024\/03\/Icon_standort.png\" alt=\"\"><\/p>\n<div>\n<p>AStA der Hochschule Hannover Ricklinger Stadtweg 120<br \/>30459 Hannover<\/p>\n<\/div>\n<\/li>\n<li>\n<p>        <img decoding=\"async\" src=\"\/wp-content\/uploads\/2024\/03\/Icon_email.png\" alt=\"\"><\/p>\n<div>\n<p>info@asta-hsh.de<\/p>\n<\/div>\n<\/li>\n<li>\n<p>        <img decoding=\"async\" src=\"\/wp-content\/uploads\/2024\/03\/Icon_handy.png\" alt=\"\"><\/p>\n<div>\n<p>051 9296 613<\/p>\n<\/div>\n<\/li>\n<li>\n<p>        <img decoding=\"async\" src=\"\/wp-content\/uploads\/2024\/03\/Icon_instagram.png\" alt=\"\"><\/p>\n<div>\n<p>asta_hsh<\/p>\n<\/div>\n<\/li>\n<li>\n<p>        <img decoding=\"async\" src=\"\/wp-content\/uploads\/2024\/03\/Icon_moodle.png\" alt=\"\"><\/p>\n<div>\n<p>Studentische Gremien: StuPa, AStA &amp; AeR<\/p>\n<\/div>\n<\/li>\n<\/ul>\n<h2><span>Hast du Vorschl\u00e4ge, Anliegen oder Feedback f\u00fcr uns?<\/span><\/h2>\n<div>\n<p>Dein AStA ist f\u00fcr Dich da! Hast Du Ideen, st\u00f6\u00dft auf Probleme oder m\u00f6chtest Feedback geben? Schreib uns! Deine Stimme hilft, das Studium f\u00fcr alle zu verbessern.<\/p>\n<\/div>\n<p>\n    <a href=\"mailto:info@asta-hsh.de\">Schreib uns!<\/a>\n<\/p>\n<p><!--more--><br \/>\n<!-- {\"type\":\"layout\",\"children\":[{\"type\":\"section\",\"props\":{\"header_transparent\":true,\"image\":\"wp-content\\\/uploads\\\/2024\\\/10\\\/AStA_Hindergrund_Kreise.svg\",\"image_effect\":\"fixed\",\"image_parallax_bgx\":\"-6000 0%,6000 100%\",\"image_position\":\"center-center\",\"image_size\":\"width-1-1\",\"style\":\"default\",\"title_breakpoint\":\"xl\",\"title_position\":\"top-left\",\"title_rotation\":\"left\",\"vertical_align\":\"middle\",\"width\":\"default\"},\"children\":[{\"type\":\"row\",\"children\":[{\"type\":\"column\",\"props\":{\"image_position\":\"center-center\",\"position_sticky_breakpoint\":\"m\",\"width_medium\":\"1-1\"},\"children\":[{\"type\":\"headline\",\"props\":{\"block_align\":\"center\",\"content\":\"Aktuell ausgeschriebene Stellen\",\"margin\":\"xlarge\",\"margin_remove_bottom\":true,\"margin_remove_top\":false,\"text_align\":\"center\",\"title_element\":\"h1\",\"title_style\":\"h1\"}},{\"type\":\"headline\",\"props\":{\"block_align\":\"center\",\"content\":\"beim AStA\",\"margin\":\"small\",\"margin_remove_bottom\":false,\"margin_remove_top\":true,\"maxwidth\":\"xlarge\",\"text_align\":\"center\",\"title_element\":\"h1\",\"title_font_family\":\"default\",\"title_style\":\"h1\"}},{\"type\":\"text\",\"props\":{\"block_align\":\"center\",\"column_breakpoint\":\"m\",\"content\":\"\",\"margin\":\"xlarge\",\"margin_remove_top\":true,\"maxwidth\":\"xlarge\",\"text_align\":\"center\"}}]}]},{\"type\":\"row\",\"props\":{\"margin\":\"large\"},\"children\":[{\"type\":\"column\",\"props\":{\"image_position\":\"center-center\",\"position_sticky_breakpoint\":\"m\"},\"children\":[{\"type\":\"grid\",\"props\":{\"animation\":\"none\",\"content_column_breakpoint\":\"m\",\"filter\":true,\"filter_align\":\"left\",\"filter_all\":true,\"filter_all_label\":\"Alle\",\"filter_grid_breakpoint\":\"m\",\"filter_grid_width\":\"auto\",\"filter_position\":\"left\",\"filter_style\":\"tab\",\"grid_column_align\":true,\"grid_default\":\"1\",\"grid_divider\":false,\"grid_medium\":\"\",\"grid_parallax_justify\":false,\"grid_small\":\"2\",\"icon_width\":\"40\",\"image_align\":\"right\",\"image_box_decoration_inverse\":false,\"image_grid_breakpoint\":\"s\",\"image_grid_width\":\"auto\",\"image_svg_color\":\"primary\",\"image_svg_inline\":true,\"image_width\":\"30\",\"item_animation\":true,\"link_style\":\"primary\",\"link_target\":false,\"link_text\":\"Alle Infos\",\"margin\":\"large\",\"meta_align\":\"below-title\",\"meta_color\":\"warning\",\"meta_element\":\"div\",\"meta_style\":\"text-meta\",\"panel_expand\":\"content\",\"panel_link\":true,\"panel_padding\":\"default\",\"panel_style\":\"card-default\",\"parallax_easing\":\"1\",\"show_content\":true,\"show_image\":true,\"show_link\":true,\"show_meta\":true,\"show_title\":true,\"title_align\":\"top\",\"title_element\":\"h2\",\"title_grid_breakpoint\":\"m\",\"title_grid_width\":\"1-2\",\"title_hover_style\":\"reset\",\"title_style\":\"h2\"},\"children\":[{\"type\":\"grid_item\",\"props\":{\"icon\":\"\",\"image\":\"\"},\"source\":{\"query\":{\"name\":\"stellenangebots.customStellenangebots\",\"arguments\":{\"users\":[],\"users_operator\":\"IN\",\"offset\":0,\"limit\":30,\"order\":\"date\",\"order_direction\":\"DESC\"}},\"props\":{\"content\":{\"filters\":{\"search\":\"\",\"before\":\"\"},\"name\":\"field.teaser\"},\"link\":{\"filters\":{\"search\":\"\"},\"name\":\"link\"},\"tags\":{\"filters\":{\"search\":\"\"},\"name\":\"field.tags_fur_die_filterung\"},\"meta\":{\"filters\":{\"search\":\"\",\"date\":\"d.m.Y\",\"before\":\"BEWERBUNGSFRIST: \"},\"name\":\"field.bewerbungsschluss\"},\"title\":{\"filters\":{\"search\":\"Referat\"},\"name\":\"field.stellenbezeichnung\"}}}},{\"type\":\"grid_item\",\"props\":{\"content\":\"Schau aber gerne an einem anderen Tag nochmal vorbei :D\\n\\n\",\"icon\":\"\",\"image\":\"\",\"panel_style\":\"card-default\",\"title\":\"Aktuell gibt es keine weiteren ausgeschriebenen Stellen.\"},\"source\":{\"props\":{\"link\":{\"filters\":{\"search\":\"\"},\"name\":\"link\"},\"tags\":{\"filters\":{\"search\":\"\"},\"name\":\"field.tags_fur_die_filterung\"}}}}]}]}]},{\"type\":\"row\",\"children\":[{\"type\":\"column\",\"props\":{\"image_position\":\"center-center\",\"position_sticky_breakpoint\":\"m\"},\"children\":[{\"type\":\"headline\",\"props\":{\"content\":\"Die Ausschreibungen werden organisiert vom:\",\"text_align\":\"center\",\"title_element\":\"h1\",\"title_style\":\"h3\"}},{\"type\":\"panel\",\"props\":{\"block_align\":\"center\",\"content_column_breakpoint\":\"m\",\"css\":\".el-title{\\n text-transform: none   \\n}\",\"icon_width\":80,\"image_align\":\"top\",\"image_grid_breakpoint\":\"m\",\"image_grid_width\":\"1-2\",\"image_svg_color\":\"emphasis\",\"link_style\":\"default\",\"link_text\":\"Read more\",\"margin\":\"default\",\"maxwidth\":\"large\",\"meta_align\":\"below-title\",\"meta_element\":\"div\",\"meta_style\":\"text-meta\",\"panel_padding\":\"large\",\"panel_style\":\"card-primary\",\"title_align\":\"top\",\"title_element\":\"h3\",\"title_grid_breakpoint\":\"m\",\"title_grid_width\":\"1-2\",\"title_hover_style\":\"reset\",\"title_style\":\"h2\"},\"source\":{\"query\":{\"name\":\"fsrs.customFsr\",\"arguments\":{\"users\":[],\"users_operator\":\"IN\",\"offset\":0,\"order\":\"date\",\"order_direction\":\"DESC\",\"id\":2798}},\"props\":{\"content\":{\"filters\":{\"search\":\"\"},\"arguments\":{\"show_intro_text\":true},\"name\":\"content\"},\"image\":{\"filters\":{\"search\":\"\"},\"name\":\"field.fsr_logo.url\"}}}}]}]}],\"name\":\"AStA Kontakt\"},{\"type\":\"section\",\"props\":{\"animation\":\"slide-left-small\",\"header_transparent\":true,\"header_transparent_text_color\":\"light\",\"image_position\":\"top-right\",\"media_visibility\":\"l\",\"padding\":\"large\",\"style\":\"primary\",\"title_breakpoint\":\"xl\",\"title_position\":\"top-left\",\"title_rotation\":\"left\",\"vertical_align\":\"\",\"width\":\"default\"},\"children\":[{\"type\":\"row\",\"props\":{\"layout\":\"1-2,1-2\"},\"children\":[{\"type\":\"column\",\"props\":{\"image_position\":\"top-left\",\"image_size\":\"cover\",\"position_sticky_breakpoint\":\"m\",\"vertical_align\":\"middle\",\"width_medium\":\"1-2\"},\"children\":[{\"type\":\"headline\",\"props\":{\"content\":\"Allgemeiner Studierenden\\u00adausschuss (AStA)\",\"title_element\":\"h1\"}},{\"type\":\"text\",\"props\":{\"column_breakpoint\":\"m\",\"content\":\"\n\n<p>Der AStA vertritt die Interessen aller Studierenden an der Hochschule Hannover und ist unter den Gremien der studentischen Selbstverwaltung das ausf\\u00fchrende Organ. Jedes der AStA-Referate ist dabei f\\u00fcr einen bestimmten Aufgabenbereich zust\\u00e4ndig.<br \\\/><br \\\/>Unser B\\u00fcro findest Du im Studierendenzentrum am Campus Linden (Raum 1J.0.35).<\\\/p>\",\"margin\":\"default\"}}]},{\"type\":\"column\",\"props\":{\"image_position\":\"center-center\",\"position_sticky_breakpoint\":\"m\",\"width_medium\":\"1-2\"},\"children\":[{\"type\":\"fragment\",\"props\":{\"margin\":\"default\"},\"children\":[{\"type\":\"row\",\"children\":[{\"type\":\"column\",\"props\":{\"image_position\":\"center-center\",\"position_sticky_breakpoint\":\"m\",\"style\":\"card-default\"},\"children\":[{\"type\":\"image\",\"props\":{\"image\":\"wp-content\\\/uploads\\\/2023\\\/06\\\/AStA-Logo.svg\",\"image_svg_color\":\"emphasis\",\"image_width\":250,\"margin\":\"medium\",\"text_align\":\"center\"}},{\"type\":\"list\",\"props\":{\"column_breakpoint\":\"m\",\"image_align\":\"left\",\"image_height\":\"25\",\"image_svg_color\":\"emphasis\",\"image_vertical_align\":true,\"image_width\":\"25\",\"list_element\":\"ul\",\"list_horizontal_separator\":\", \",\"list_type\":\"vertical\",\"show_image\":true,\"show_link\":true},\"children\":[{\"type\":\"list_item\",\"props\":{\"content\":\"\n\n<p>AStA der Hochschule Hannover Ricklinger Stadtweg 120<br \\\/>30459 Hannover<\\\/p>\",\"image\":\"wp-content\\\/uploads\\\/2024\\\/03\\\/Icon_standort.png\"}},{\"type\":\"list_item\",\"props\":{\"content\":\"\n\n<p>info@asta-hsh.de<\\\/p>\",\"image\":\"wp-content\\\/uploads\\\/2024\\\/03\\\/Icon_email.png\"}},{\"type\":\"list_item\",\"props\":{\"content\":\"\n\n<p>051 9296 613<\\\/p>\",\"image\":\"wp-content\\\/uploads\\\/2024\\\/03\\\/Icon_handy.png\"}},{\"type\":\"list_item\",\"props\":{\"content\":\"\n\n<p>asta_hsh<\\\/p>\",\"image\":\"wp-content\\\/uploads\\\/2024\\\/03\\\/Icon_instagram.png\"}},{\"type\":\"list_item\",\"props\":{\"content\":\"\n\n<p>Studentische Gremien: StuPa, AStA &amp; AeR<\\\/p>\",\"image\":\"wp-content\\\/uploads\\\/2024\\\/03\\\/Icon_moodle.png\"}}]}]}]}]}]}]}],\"name\":\"AStA Info\"},{\"name\":\"Feedback\",\"type\":\"section\",\"props\":{\"animation\":\"slide-bottom\",\"animation_delay\":\"200\",\"height\":\"viewport\",\"height_offset_top\":false,\"id\":\"work-with-us\",\"image\":\"wp-content\\\/uploads\\\/2023\\\/06\\\/Heroimage_AStAlog-1920x700-1.jpg\",\"image_effect\":\"fixed\",\"image_fixed\":true,\"image_position\":\"center-center\",\"image_size\":\"cover\",\"image_width\":\"1920\",\"overlap\":true,\"style\":\"secondary\",\"title_breakpoint\":\"xl\",\"title_position\":\"top-left\",\"title_rotation\":\"left\",\"vertical_align\":\"middle\",\"width\":\"large\"},\"children\":[{\"type\":\"row\",\"props\":{\"column_gap\":\"large\",\"layout\":\"2-3,1-3\",\"row_gap\":\"large\",\"vertical_align\":true},\"children\":[{\"type\":\"column\",\"props\":{\"image_position\":\"center-center\",\"position_sticky_breakpoint\":\"m\",\"vertical_align\":\"middle\",\"width_medium\":\"2-3\"},\"children\":[{\"type\":\"headline\",\"props\":{\"content\":\"<span>Hast du Vorschl\\u00e4ge, Anliegen oder Feedback f\\u00fcr uns?<\\\/span>\",\"text_align\":\"left\",\"text_align_breakpoint\":\"m\",\"text_align_fallback\":\"center\",\"title_element\":\"h2\",\"title_style\":\"h1\"}},{\"type\":\"text\",\"props\":{\"column_breakpoint\":\"m\",\"content\":\"\n\n<p>Dein AStA ist f\\u00fcr Dich da! Hast Du Ideen, st\\u00f6\\u00dft auf Probleme oder m\\u00f6chtest Feedback geben? Schreib uns! Deine Stimme hilft, das Studium f\\u00fcr alle zu verbessern.<\\\/p>\",\"margin\":\"default\",\"text_align\":\"left\",\"text_align_breakpoint\":\"m\",\"text_align_fallback\":\"center\",\"text_style\":\"lead\"}}]},{\"type\":\"column\",\"props\":{\"image_position\":\"center-center\",\"position_sticky_breakpoint\":\"m\",\"vertical_align\":\"middle\",\"width_medium\":\"1-3\"},\"children\":[{\"type\":\"button\",\"props\":{\"button_size\":\"large\",\"grid_column_gap\":\"small\",\"grid_row_gap\":\"small\",\"margin\":\"default\",\"text_align\":\"right\",\"text_align_breakpoint\":\"m\",\"text_align_fallback\":\"center\"},\"children\":[{\"type\":\"button_item\",\"props\":{\"button_style\":\"secondary\",\"content\":\"Schreib uns!\",\"icon_align\":\"left\",\"link\":\"mailto:info@asta-hsh.de\"}}]}]}]}]}],\"version\":\"4.3.8\"} --><\/p>\n","protected":false},"excerpt":{"rendered":"<p>Aktuell ausgeschriebene Stellen beim AStA Aktuell gibt es keine weiteren ausgeschriebenen Stellen. Schau aber gerne an einem anderen Tag nochmal vorbei \ud83d\ude00 Die Ausschreibungen werden organisiert vom: Allgemeiner Studierenden\u00adausschuss (AStA) Der AStA vertritt die Interessen aller Studierenden an der Hochschule Hannover und ist unter den Gremien der studentischen Selbstverwaltung das ausf\u00fchrende Organ. Jedes der AStA-Referate [&hellip;]<\/p>\n","protected":false},"author":3,"featured_media":0,"parent":0,"menu_order":0,"comment_status":"closed","ping_status":"closed","template":"","meta":{"_acf_changed":false,"footnotes":""},"class_list":["post-3263","page","type-page","status-publish","hentry"],"acf":[],"yoast_head":"<!-- This site is optimized with the Yoast SEO plugin v27.4 - https:\/\/yoast.com\/product\/yoast-seo-wordpress\/ -->\n<title>Bewerbung - AStA Hochschule Hannover<\/title>\n<meta name=\"robots\" content=\"index, follow, max-snippet:-1, max-image-preview:large, max-video-preview:-1\" \/>\n<link rel=\"canonical\" href=\"https:\/\/asta-hsh.de\/en\/bewerbung\/\" \/>\n<meta property=\"og:locale\" content=\"en_GB\" \/>\n<meta property=\"og:type\" content=\"article\" \/>\n<meta property=\"og:title\" content=\"Bewerbung - AStA Hochschule Hannover\" \/>\n<meta property=\"og:description\" content=\"Aktuell ausgeschriebene Stellen beim AStA Aktuell gibt es keine weiteren ausgeschriebenen Stellen. Schau aber gerne an einem anderen Tag nochmal vorbei \ud83d\ude00 Die Ausschreibungen werden organisiert vom: Allgemeiner Studierenden\u00adausschuss (AStA) Der AStA vertritt die Interessen aller Studierenden an der Hochschule Hannover und ist unter den Gremien der studentischen Selbstverwaltung das ausf\u00fchrende Organ. Jedes der AStA-Referate [&hellip;]\" \/>\n<meta property=\"og:url\" content=\"https:\/\/asta-hsh.de\/en\/bewerbung\/\" \/>\n<meta property=\"og:site_name\" content=\"AStA Hochschule Hannover\" \/>\n<meta property=\"article:modified_time\" content=\"2026-04-20T15:00:10+00:00\" \/>\n<meta name=\"twitter:card\" content=\"summary_large_image\" \/>\n<meta name=\"twitter:label1\" content=\"Estimated reading time\" \/>\n\t<meta name=\"twitter:data1\" content=\"1 minute\" \/>\n<script type=\"application\/ld+json\" class=\"yoast-schema-graph\">{\"@context\":\"https:\\\/\\\/schema.org\",\"@graph\":[{\"@type\":\"WebPage\",\"@id\":\"https:\\\/\\\/asta-hsh.de\\\/bewerbung\\\/\",\"url\":\"https:\\\/\\\/asta-hsh.de\\\/bewerbung\\\/\",\"name\":\"Bewerbung - AStA Hochschule Hannover\",\"isPartOf\":{\"@id\":\"https:\\\/\\\/asta-hsh.de\\\/#website\"},\"datePublished\":\"2024-10-01T10:12:27+00:00\",\"dateModified\":\"2026-04-20T15:00:10+00:00\",\"breadcrumb\":{\"@id\":\"https:\\\/\\\/asta-hsh.de\\\/bewerbung\\\/#breadcrumb\"},\"inLanguage\":\"en-GB\",\"potentialAction\":[{\"@type\":\"ReadAction\",\"target\":[\"https:\\\/\\\/asta-hsh.de\\\/bewerbung\\\/\"]}]},{\"@type\":\"BreadcrumbList\",\"@id\":\"https:\\\/\\\/asta-hsh.de\\\/bewerbung\\\/#breadcrumb\",\"itemListElement\":[{\"@type\":\"ListItem\",\"position\":1,\"name\":\"Startseite\",\"item\":\"https:\\\/\\\/asta-hsh.de\\\/\"},{\"@type\":\"ListItem\",\"position\":2,\"name\":\"Bewerbung\"}]},{\"@type\":\"WebSite\",\"@id\":\"https:\\\/\\\/asta-hsh.de\\\/#website\",\"url\":\"https:\\\/\\\/asta-hsh.de\\\/\",\"name\":\"AStA HSH\",\"description\":\"Der Allgemeine Studierendenausschuss der Hochschule Hannover\",\"publisher\":{\"@id\":\"https:\\\/\\\/asta-hsh.de\\\/#organization\"},\"potentialAction\":[{\"@type\":\"SearchAction\",\"target\":{\"@type\":\"EntryPoint\",\"urlTemplate\":\"https:\\\/\\\/asta-hsh.de\\\/?s={search_term_string}\"},\"query-input\":{\"@type\":\"PropertyValueSpecification\",\"valueRequired\":true,\"valueName\":\"search_term_string\"}}],\"inLanguage\":\"en-GB\"},{\"@type\":\"Organization\",\"@id\":\"https:\\\/\\\/asta-hsh.de\\\/#organization\",\"name\":\"AStA Hochschule Hannover\",\"url\":\"https:\\\/\\\/asta-hsh.de\\\/\",\"logo\":{\"@type\":\"ImageObject\",\"inLanguage\":\"en-GB\",\"@id\":\"https:\\\/\\\/asta-hsh.de\\\/#\\\/schema\\\/logo\\\/image\\\/\",\"url\":\"http:\\\/\\\/test.asta-hsh.de\\\/wp-content\\\/uploads\\\/2023\\\/06\\\/AStA-Logo.svg\",\"contentUrl\":\"http:\\\/\\\/test.asta-hsh.de\\\/wp-content\\\/uploads\\\/2023\\\/06\\\/AStA-Logo.svg\",\"width\":130,\"height\":89,\"caption\":\"AStA Hochschule Hannover\"},\"image\":{\"@id\":\"https:\\\/\\\/asta-hsh.de\\\/#\\\/schema\\\/logo\\\/image\\\/\"}}]}<\/script>\n<!-- \/ Yoast SEO plugin. -->","yoast_head_json":{"title":"Bewerbung - AStA Hochschule Hannover","robots":{"index":"index","follow":"follow","max-snippet":"max-snippet:-1","max-image-preview":"max-image-preview:large","max-video-preview":"max-video-preview:-1"},"canonical":"https:\/\/asta-hsh.de\/en\/bewerbung\/","og_locale":"en_GB","og_type":"article","og_title":"Bewerbung - AStA Hochschule Hannover","og_description":"Aktuell ausgeschriebene Stellen beim AStA Aktuell gibt es keine weiteren ausgeschriebenen Stellen. Schau aber gerne an einem anderen Tag nochmal vorbei \ud83d\ude00 Die Ausschreibungen werden organisiert vom: Allgemeiner Studierenden\u00adausschuss (AStA) Der AStA vertritt die Interessen aller Studierenden an der Hochschule Hannover und ist unter den Gremien der studentischen Selbstverwaltung das ausf\u00fchrende Organ. Jedes der AStA-Referate [&hellip;]","og_url":"https:\/\/asta-hsh.de\/en\/bewerbung\/","og_site_name":"AStA Hochschule Hannover","article_modified_time":"2026-04-20T15:00:10+00:00","twitter_card":"summary_large_image","twitter_misc":{"Estimated reading time":"1 minute"},"schema":{"@context":"https:\/\/schema.org","@graph":[{"@type":"WebPage","@id":"https:\/\/asta-hsh.de\/bewerbung\/","url":"https:\/\/asta-hsh.de\/bewerbung\/","name":"Bewerbung - AStA Hochschule Hannover","isPartOf":{"@id":"https:\/\/asta-hsh.de\/#website"},"datePublished":"2024-10-01T10:12:27+00:00","dateModified":"2026-04-20T15:00:10+00:00","breadcrumb":{"@id":"https:\/\/asta-hsh.de\/bewerbung\/#breadcrumb"},"inLanguage":"en-GB","potentialAction":[{"@type":"ReadAction","target":["https:\/\/asta-hsh.de\/bewerbung\/"]}]},{"@type":"BreadcrumbList","@id":"https:\/\/asta-hsh.de\/bewerbung\/#breadcrumb","itemListElement":[{"@type":"ListItem","position":1,"name":"Startseite","item":"https:\/\/asta-hsh.de\/"},{"@type":"ListItem","position":2,"name":"Bewerbung"}]},{"@type":"WebSite","@id":"https:\/\/asta-hsh.de\/#website","url":"https:\/\/asta-hsh.de\/","name":"AStA HSH","description":"Der Allgemeine Studierendenausschuss der Hochschule Hannover","publisher":{"@id":"https:\/\/asta-hsh.de\/#organization"},"potentialAction":[{"@type":"SearchAction","target":{"@type":"EntryPoint","urlTemplate":"https:\/\/asta-hsh.de\/?s={search_term_string}"},"query-input":{"@type":"PropertyValueSpecification","valueRequired":true,"valueName":"search_term_string"}}],"inLanguage":"en-GB"},{"@type":"Organization","@id":"https:\/\/asta-hsh.de\/#organization","name":"AStA Hochschule Hannover","url":"https:\/\/asta-hsh.de\/","logo":{"@type":"ImageObject","inLanguage":"en-GB","@id":"https:\/\/asta-hsh.de\/#\/schema\/logo\/image\/","url":"http:\/\/test.asta-hsh.de\/wp-content\/uploads\/2023\/06\/AStA-Logo.svg","contentUrl":"http:\/\/test.asta-hsh.de\/wp-content\/uploads\/2023\/06\/AStA-Logo.svg","width":130,"height":89,"caption":"AStA Hochschule Hannover"},"image":{"@id":"https:\/\/asta-hsh.de\/#\/schema\/logo\/image\/"}}]}},"_links":{"self":[{"href":"https:\/\/asta-hsh.de\/en\/wp-json\/wp\/v2\/pages\/3263","targetHints":{"allow":["GET"]}}],"collection":[{"href":"https:\/\/asta-hsh.de\/en\/wp-json\/wp\/v2\/pages"}],"about":[{"href":"https:\/\/asta-hsh.de\/en\/wp-json\/wp\/v2\/types\/page"}],"author":[{"embeddable":true,"href":"https:\/\/asta-hsh.de\/en\/wp-json\/wp\/v2\/users\/3"}],"replies":[{"embeddable":true,"href":"https:\/\/asta-hsh.de\/en\/wp-json\/wp\/v2\/comments?post=3263"}],"version-history":[{"count":40,"href":"https:\/\/asta-hsh.de\/en\/wp-json\/wp\/v2\/pages\/3263\/revisions"}],"predecessor-version":[{"id":4048,"href":"https:\/\/asta-hsh.de\/en\/wp-json\/wp\/v2\/pages\/3263\/revisions\/4048"}],"wp:attachment":[{"href":"https:\/\/asta-hsh.de\/en\/wp-json\/wp\/v2\/media?parent=3263"}],"curies":[{"name":"wp","href":"https:\/\/api.w.org\/{rel}","templated":true}]}}